{"id":7978,"date":"2016-05-30T21:25:48","date_gmt":"2016-05-30T21:25:48","guid":{"rendered":"https:\/\/ricambilanciafulvia.it\/prodotto\/giunzione-centrale-profilo-inox-rivestimento-anteriore-fulvia-coupe\/"},"modified":"2016-05-30T21:25:48","modified_gmt":"2016-05-30T21:25:48","slug":"giunzione-centrale-profilo-inox-rivestimento-anteriore-fulvia-coupe","status":"publish","type":"product","link":"https:\/\/ricambilanciafulvia.it\/en\/product\/giunzione-centrale-profilo-inox-rivestimento-anteriore-fulvia-coupe\/","title":{"rendered":"Giunzione centrale profilo inox rivestimento anteriore Fulvia Coup\u00e8"},"content":{"rendered":"<p>Giunzione centrale (tra i due manici di ombrello) dei profili inox del rivestimento anteriore Lancia Fulvia Coup\u00e8. Quando \u00e8 possibile, ovvero se il profilo non \u00e8 eccessivamente rovinato, possiamo restaurare il tuo profilo in inox.\u00a0 Puoi vedere <a href=\"http:\/\/www.ricambilanciafulvia.it\/it\/content\/44-restauro-profili-inox\">qui<\/a>\u00a0 le fasi della lavorazione <a href=\"http:\/\/www.ricambilanciafulvia.it\/it\/contattaci\">Contattaci<\/a>\u00a0per le modalit\u00e0 del tuo profilo inox da restaurare<\/p>\n","protected":false},"excerpt":{"rendered":"<p>Giunzione centrale (tra i due manici di ombrello) dei profili  [&#8230;]<\/p>\n","protected":false},"featured_media":7974,"template":"","meta":{"_acf_changed":false},"product_brand":[],"product_cat":[428],"product_tag":[465,1613,1614,1623,1622,1612,1616,1615,1684,1685,1676,1617,1686],"class_list":{"0":"post-7978","1":"product","2":"type-product","3":"status-publish","4":"has-post-thumbnail","6":"product_cat-stainless-steel-trims-lancia-fulvia-en","7":"product_tag-corsa","8":"product_tag-fulvia-en","9":"product_tag-hf-en","10":"product_tag-inox-en","11":"product_tag-italia-en","12":"product_tag-lancia-en","13":"product_tag-montecarlo-en","14":"product_tag-munari-en","15":"product_tag-pechino-parigi-en","16":"product_tag-preparazione-en","17":"product_tag-profilo-en-2","18":"product_tag-rally-en","19":"product_tag-rosso-en-2","20":"pa_condition-new-en","22":"first","23":"instock","24":"taxable","25":"shipping-taxable","26":"purchasable","27":"product-type-simple"},"acf":[],"yoast_head":"<!-- This site is optimized with the Yoast SEO plugin v27.4 - https:\/\/yoast.com\/product\/yoast-seo-wordpress\/ -->\n<title>Giunzione centrale profilo inox rivestimento anteriore Fulvia Coup\u00e8 - Ricambi Lancia Fulvia<\/title>\n<meta name=\"description\" content=\"Giunzione centrale (tra i due manici di ombrello) dei profili inox del rivestimento anteriore Lancia Fulvia Coup\u00e8\" \/>\n<meta name=\"robots\" content=\"index, follow, max-snippet:-1, max-image-preview:large, max-video-preview:-1\" \/>\n<link rel=\"canonical\" href=\"https:\/\/ricambilanciafulvia.it\/en\/product\/giunzione-centrale-profilo-inox-rivestimento-anteriore-fulvia-coupe\/\" \/>\n<meta property=\"og:locale\" content=\"en_US\" \/>\n<meta property=\"og:type\" content=\"article\" \/>\n<meta property=\"og:title\" content=\"Giunzione centrale profilo inox rivestimento anteriore Fulvia Coup\u00e8 - Ricambi Lancia Fulvia\" \/>\n<meta property=\"og:description\" content=\"Giunzione centrale (tra i due manici di ombrello) dei profili inox del rivestimento anteriore Lancia Fulvia Coup\u00e8\" \/>\n<meta property=\"og:url\" content=\"https:\/\/ricambilanciafulvia.it\/en\/product\/giunzione-centrale-profilo-inox-rivestimento-anteriore-fulvia-coupe\/\" \/>\n<meta property=\"og:site_name\" content=\"Ricambi Lancia Fulvia\" \/>\n<meta property=\"og:image\" content=\"https:\/\/ricambilanciafulvia.it\/wp-content\/uploads\/2016\/05\/3002-thickbox_default-Giunzione-centrale-profilo-inox-rivestimento-anteriore-Fulvia-Coupe.jpg\" \/>\n\t<meta property=\"og:image:width\" content=\"700\" \/>\n\t<meta property=\"og:image:height\" content=\"700\" \/>\n\t<meta property=\"og:image:type\" content=\"image\/jpeg\" \/>\n<meta name=\"twitter:card\" content=\"summary_large_image\" \/>\n<script type=\"application\/ld+json\" class=\"yoast-schema-graph\">{\"@context\":\"https:\\\/\\\/schema.org\",\"@graph\":[{\"@type\":\"WebPage\",\"@id\":\"https:\\\/\\\/ricambilanciafulvia.it\\\/en\\\/product\\\/giunzione-centrale-profilo-inox-rivestimento-anteriore-fulvia-coupe\\\/\",\"url\":\"https:\\\/\\\/ricambilanciafulvia.it\\\/en\\\/product\\\/giunzione-centrale-profilo-inox-rivestimento-anteriore-fulvia-coupe\\\/\",\"name\":\"Giunzione centrale profilo inox rivestimento anteriore Fulvia Coup\u00e8 - Ricambi Lancia Fulvia\",\"isPartOf\":{\"@id\":\"https:\\\/\\\/ricambilanciafulvia.it\\\/en\\\/#website\"},\"primaryImageOfPage\":{\"@id\":\"https:\\\/\\\/ricambilanciafulvia.it\\\/en\\\/product\\\/giunzione-centrale-profilo-inox-rivestimento-anteriore-fulvia-coupe\\\/#primaryimage\"},\"image\":{\"@id\":\"https:\\\/\\\/ricambilanciafulvia.it\\\/en\\\/product\\\/giunzione-centrale-profilo-inox-rivestimento-anteriore-fulvia-coupe\\\/#primaryimage\"},\"thumbnailUrl\":\"https:\\\/\\\/ricambilanciafulvia.it\\\/wp-content\\\/uploads\\\/2016\\\/05\\\/3002-thickbox_default-Giunzione-centrale-profilo-inox-rivestimento-anteriore-Fulvia-Coupe.jpg\",\"datePublished\":\"2016-05-30T21:25:48+00:00\",\"description\":\"Giunzione centrale (tra i due manici di ombrello) dei profili inox del rivestimento anteriore Lancia Fulvia Coup\u00e8\",\"breadcrumb\":{\"@id\":\"https:\\\/\\\/ricambilanciafulvia.it\\\/en\\\/product\\\/giunzione-centrale-profilo-inox-rivestimento-anteriore-fulvia-coupe\\\/#breadcrumb\"},\"inLanguage\":\"en-US\",\"potentialAction\":[{\"@type\":\"ReadAction\",\"target\":[\"https:\\\/\\\/ricambilanciafulvia.it\\\/en\\\/product\\\/giunzione-centrale-profilo-inox-rivestimento-anteriore-fulvia-coupe\\\/\"]}]},{\"@type\":\"ImageObject\",\"inLanguage\":\"en-US\",\"@id\":\"https:\\\/\\\/ricambilanciafulvia.it\\\/en\\\/product\\\/giunzione-centrale-profilo-inox-rivestimento-anteriore-fulvia-coupe\\\/#primaryimage\",\"url\":\"https:\\\/\\\/ricambilanciafulvia.it\\\/wp-content\\\/uploads\\\/2016\\\/05\\\/3002-thickbox_default-Giunzione-centrale-profilo-inox-rivestimento-anteriore-Fulvia-Coupe.jpg\",\"contentUrl\":\"https:\\\/\\\/ricambilanciafulvia.it\\\/wp-content\\\/uploads\\\/2016\\\/05\\\/3002-thickbox_default-Giunzione-centrale-profilo-inox-rivestimento-anteriore-Fulvia-Coupe.jpg\",\"width\":700,\"height\":700},{\"@type\":\"BreadcrumbList\",\"@id\":\"https:\\\/\\\/ricambilanciafulvia.it\\\/en\\\/product\\\/giunzione-centrale-profilo-inox-rivestimento-anteriore-fulvia-coupe\\\/#breadcrumb\",\"itemListElement\":[{\"@type\":\"ListItem\",\"position\":1,\"name\":\"Home\",\"item\":\"https:\\\/\\\/ricambilanciafulvia.it\\\/en\\\/\"},{\"@type\":\"ListItem\",\"position\":2,\"name\":\"Shop\",\"item\":\"https:\\\/\\\/ricambilanciafulvia.it\\\/en\\\/shop\\\/\"},{\"@type\":\"ListItem\",\"position\":3,\"name\":\"Rosso Corsa Italia\",\"item\":\"https:\\\/\\\/ricambilanciafulvia.it\\\/en\\\/categoria-prodotto\\\/fulvia-spare-parts-en\\\/\"},{\"@type\":\"ListItem\",\"position\":4,\"name\":\"Fulvia parts\",\"item\":\"https:\\\/\\\/ricambilanciafulvia.it\\\/en\\\/categoria-prodotto\\\/fulvia-spare-parts-en\\\/fulvia-parts-en\\\/\"},{\"@type\":\"ListItem\",\"position\":5,\"name\":\"Fulvia STRADA\",\"item\":\"https:\\\/\\\/ricambilanciafulvia.it\\\/en\\\/categoria-prodotto\\\/fulvia-spare-parts-en\\\/fulvia-parts-en\\\/spare-parts-lancia-fulvia-strada-en\\\/\"},{\"@type\":\"ListItem\",\"position\":6,\"name\":\"body\",\"item\":\"https:\\\/\\\/ricambilanciafulvia.it\\\/en\\\/categoria-prodotto\\\/fulvia-spare-parts-en\\\/fulvia-parts-en\\\/spare-parts-lancia-fulvia-strada-en\\\/body-spare-parts-lancia-fulvia-en\\\/\"},{\"@type\":\"ListItem\",\"position\":7,\"name\":\"stainless steel trims\",\"item\":\"https:\\\/\\\/ricambilanciafulvia.it\\\/en\\\/categoria-prodotto\\\/fulvia-spare-parts-en\\\/fulvia-parts-en\\\/spare-parts-lancia-fulvia-strada-en\\\/body-spare-parts-lancia-fulvia-en\\\/stainless-steel-trims-lancia-fulvia-en\\\/\"},{\"@type\":\"ListItem\",\"position\":8,\"name\":\"Giunzione centrale profilo inox rivestimento anteriore Fulvia Coup\u00e8\"}]},{\"@type\":\"WebSite\",\"@id\":\"https:\\\/\\\/ricambilanciafulvia.it\\\/en\\\/#website\",\"url\":\"https:\\\/\\\/ricambilanciafulvia.it\\\/en\\\/\",\"name\":\"Ricambi Lancia Fulvia\",\"description\":\"\",\"publisher\":{\"@id\":\"https:\\\/\\\/ricambilanciafulvia.it\\\/en\\\/#organization\"},\"potentialAction\":[{\"@type\":\"SearchAction\",\"target\":{\"@type\":\"EntryPoint\",\"urlTemplate\":\"https:\\\/\\\/ricambilanciafulvia.it\\\/en\\\/?s={search_term_string}\"},\"query-input\":{\"@type\":\"PropertyValueSpecification\",\"valueRequired\":true,\"valueName\":\"search_term_string\"}}],\"inLanguage\":\"en-US\"},{\"@type\":\"Organization\",\"@id\":\"https:\\\/\\\/ricambilanciafulvia.it\\\/en\\\/#organization\",\"name\":\"Ricambi Lancia Fulvia\",\"url\":\"https:\\\/\\\/ricambilanciafulvia.it\\\/en\\\/\",\"logo\":{\"@type\":\"ImageObject\",\"inLanguage\":\"en-US\",\"@id\":\"https:\\\/\\\/ricambilanciafulvia.it\\\/en\\\/#\\\/schema\\\/logo\\\/image\\\/\",\"url\":\"https:\\\/\\\/ricambilanciafulvia.it\\\/wp-content\\\/uploads\\\/2021\\\/07\\\/rosso-corsa-italia-logo-60px.png\",\"contentUrl\":\"https:\\\/\\\/ricambilanciafulvia.it\\\/wp-content\\\/uploads\\\/2021\\\/07\\\/rosso-corsa-italia-logo-60px.png\",\"width\":176,\"height\":60,\"caption\":\"Ricambi Lancia Fulvia\"},\"image\":{\"@id\":\"https:\\\/\\\/ricambilanciafulvia.it\\\/en\\\/#\\\/schema\\\/logo\\\/image\\\/\"}}]}<\/script>\n<!-- \/ Yoast SEO plugin. -->","yoast_head_json":{"title":"Giunzione centrale profilo inox rivestimento anteriore Fulvia Coup\u00e8 - Ricambi Lancia Fulvia","description":"Giunzione centrale (tra i due manici di ombrello) dei profili inox del rivestimento anteriore Lancia Fulvia Coup\u00e8","robots":{"index":"index","follow":"follow","max-snippet":"max-snippet:-1","max-image-preview":"max-image-preview:large","max-video-preview":"max-video-preview:-1"},"canonical":"https:\/\/ricambilanciafulvia.it\/en\/product\/giunzione-centrale-profilo-inox-rivestimento-anteriore-fulvia-coupe\/","og_locale":"en_US","og_type":"article","og_title":"Giunzione centrale profilo inox rivestimento anteriore Fulvia Coup\u00e8 - Ricambi Lancia Fulvia","og_description":"Giunzione centrale (tra i due manici di ombrello) dei profili inox del rivestimento anteriore Lancia Fulvia Coup\u00e8","og_url":"https:\/\/ricambilanciafulvia.it\/en\/product\/giunzione-centrale-profilo-inox-rivestimento-anteriore-fulvia-coupe\/","og_site_name":"Ricambi Lancia Fulvia","og_image":[{"width":700,"height":700,"url":"https:\/\/ricambilanciafulvia.it\/wp-content\/uploads\/2016\/05\/3002-thickbox_default-Giunzione-centrale-profilo-inox-rivestimento-anteriore-Fulvia-Coupe.jpg","type":"image\/jpeg"}],"twitter_card":"summary_large_image","schema":{"@context":"https:\/\/schema.org","@graph":[{"@type":"WebPage","@id":"https:\/\/ricambilanciafulvia.it\/en\/product\/giunzione-centrale-profilo-inox-rivestimento-anteriore-fulvia-coupe\/","url":"https:\/\/ricambilanciafulvia.it\/en\/product\/giunzione-centrale-profilo-inox-rivestimento-anteriore-fulvia-coupe\/","name":"Giunzione centrale profilo inox rivestimento anteriore Fulvia Coup\u00e8 - Ricambi Lancia Fulvia","isPartOf":{"@id":"https:\/\/ricambilanciafulvia.it\/en\/#website"},"primaryImageOfPage":{"@id":"https:\/\/ricambilanciafulvia.it\/en\/product\/giunzione-centrale-profilo-inox-rivestimento-anteriore-fulvia-coupe\/#primaryimage"},"image":{"@id":"https:\/\/ricambilanciafulvia.it\/en\/product\/giunzione-centrale-profilo-inox-rivestimento-anteriore-fulvia-coupe\/#primaryimage"},"thumbnailUrl":"https:\/\/ricambilanciafulvia.it\/wp-content\/uploads\/2016\/05\/3002-thickbox_default-Giunzione-centrale-profilo-inox-rivestimento-anteriore-Fulvia-Coupe.jpg","datePublished":"2016-05-30T21:25:48+00:00","description":"Giunzione centrale (tra i due manici di ombrello) dei profili inox del rivestimento anteriore Lancia Fulvia Coup\u00e8","breadcrumb":{"@id":"https:\/\/ricambilanciafulvia.it\/en\/product\/giunzione-centrale-profilo-inox-rivestimento-anteriore-fulvia-coupe\/#breadcrumb"},"inLanguage":"en-US","potentialAction":[{"@type":"ReadAction","target":["https:\/\/ricambilanciafulvia.it\/en\/product\/giunzione-centrale-profilo-inox-rivestimento-anteriore-fulvia-coupe\/"]}]},{"@type":"ImageObject","inLanguage":"en-US","@id":"https:\/\/ricambilanciafulvia.it\/en\/product\/giunzione-centrale-profilo-inox-rivestimento-anteriore-fulvia-coupe\/#primaryimage","url":"https:\/\/ricambilanciafulvia.it\/wp-content\/uploads\/2016\/05\/3002-thickbox_default-Giunzione-centrale-profilo-inox-rivestimento-anteriore-Fulvia-Coupe.jpg","contentUrl":"https:\/\/ricambilanciafulvia.it\/wp-content\/uploads\/2016\/05\/3002-thickbox_default-Giunzione-centrale-profilo-inox-rivestimento-anteriore-Fulvia-Coupe.jpg","width":700,"height":700},{"@type":"BreadcrumbList","@id":"https:\/\/ricambilanciafulvia.it\/en\/product\/giunzione-centrale-profilo-inox-rivestimento-anteriore-fulvia-coupe\/#breadcrumb","itemListElement":[{"@type":"ListItem","position":1,"name":"Home","item":"https:\/\/ricambilanciafulvia.it\/en\/"},{"@type":"ListItem","position":2,"name":"Shop","item":"https:\/\/ricambilanciafulvia.it\/en\/shop\/"},{"@type":"ListItem","position":3,"name":"Rosso Corsa Italia","item":"https:\/\/ricambilanciafulvia.it\/en\/categoria-prodotto\/fulvia-spare-parts-en\/"},{"@type":"ListItem","position":4,"name":"Fulvia parts","item":"https:\/\/ricambilanciafulvia.it\/en\/categoria-prodotto\/fulvia-spare-parts-en\/fulvia-parts-en\/"},{"@type":"ListItem","position":5,"name":"Fulvia STRADA","item":"https:\/\/ricambilanciafulvia.it\/en\/categoria-prodotto\/fulvia-spare-parts-en\/fulvia-parts-en\/spare-parts-lancia-fulvia-strada-en\/"},{"@type":"ListItem","position":6,"name":"body","item":"https:\/\/ricambilanciafulvia.it\/en\/categoria-prodotto\/fulvia-spare-parts-en\/fulvia-parts-en\/spare-parts-lancia-fulvia-strada-en\/body-spare-parts-lancia-fulvia-en\/"},{"@type":"ListItem","position":7,"name":"stainless steel trims","item":"https:\/\/ricambilanciafulvia.it\/en\/categoria-prodotto\/fulvia-spare-parts-en\/fulvia-parts-en\/spare-parts-lancia-fulvia-strada-en\/body-spare-parts-lancia-fulvia-en\/stainless-steel-trims-lancia-fulvia-en\/"},{"@type":"ListItem","position":8,"name":"Giunzione centrale profilo inox rivestimento anteriore Fulvia Coup\u00e8"}]},{"@type":"WebSite","@id":"https:\/\/ricambilanciafulvia.it\/en\/#website","url":"https:\/\/ricambilanciafulvia.it\/en\/","name":"Ricambi Lancia Fulvia","description":"","publisher":{"@id":"https:\/\/ricambilanciafulvia.it\/en\/#organization"},"potentialAction":[{"@type":"SearchAction","target":{"@type":"EntryPoint","urlTemplate":"https:\/\/ricambilanciafulvia.it\/en\/?s={search_term_string}"},"query-input":{"@type":"PropertyValueSpecification","valueRequired":true,"valueName":"search_term_string"}}],"inLanguage":"en-US"},{"@type":"Organization","@id":"https:\/\/ricambilanciafulvia.it\/en\/#organization","name":"Ricambi Lancia Fulvia","url":"https:\/\/ricambilanciafulvia.it\/en\/","logo":{"@type":"ImageObject","inLanguage":"en-US","@id":"https:\/\/ricambilanciafulvia.it\/en\/#\/schema\/logo\/image\/","url":"https:\/\/ricambilanciafulvia.it\/wp-content\/uploads\/2021\/07\/rosso-corsa-italia-logo-60px.png","contentUrl":"https:\/\/ricambilanciafulvia.it\/wp-content\/uploads\/2021\/07\/rosso-corsa-italia-logo-60px.png","width":176,"height":60,"caption":"Ricambi Lancia Fulvia"},"image":{"@id":"https:\/\/ricambilanciafulvia.it\/en\/#\/schema\/logo\/image\/"}}]}},"_links":{"self":[{"href":"https:\/\/ricambilanciafulvia.it\/en\/wp-json\/wp\/v2\/product\/7978","targetHints":{"allow":["GET"]}}],"collection":[{"href":"https:\/\/ricambilanciafulvia.it\/en\/wp-json\/wp\/v2\/product"}],"about":[{"href":"https:\/\/ricambilanciafulvia.it\/en\/wp-json\/wp\/v2\/types\/product"}],"wp:featuredmedia":[{"embeddable":true,"href":"https:\/\/ricambilanciafulvia.it\/en\/wp-json\/wp\/v2\/media\/7974"}],"wp:attachment":[{"href":"https:\/\/ricambilanciafulvia.it\/en\/wp-json\/wp\/v2\/media?parent=7978"}],"wp:term":[{"taxonomy":"product_brand","embeddable":true,"href":"https:\/\/ricambilanciafulvia.it\/en\/wp-json\/wp\/v2\/product_brand?post=7978"},{"taxonomy":"product_cat","embeddable":true,"href":"https:\/\/ricambilanciafulvia.it\/en\/wp-json\/wp\/v2\/product_cat?post=7978"},{"taxonomy":"product_tag","embeddable":true,"href":"https:\/\/ricambilanciafulvia.it\/en\/wp-json\/wp\/v2\/product_tag?post=7978"}],"curies":[{"name":"wp","href":"https:\/\/api.w.org\/{rel}","templated":true}]}}