{"id":3142,"date":"2012-04-15T20:45:38","date_gmt":"2012-04-15T20:45:38","guid":{"rendered":"https:\/\/ricambilanciafulvia.it\/prodotto\/roll-bar-arco-post-fulvia-coupe\/"},"modified":"2025-10-27T18:21:32","modified_gmt":"2025-10-27T18:21:32","slug":"roll-bar-arco-post-fulvia-coupe","status":"publish","type":"product","link":"https:\/\/ricambilanciafulvia.it\/en\/product\/roll-bar-arco-post-fulvia-coupe\/","title":{"rendered":"Roll-bar arco posteriore Fulvia Coup\u00e8"},"content":{"rendered":"<p>Rear arch for Lancia Fulvia Coup\u00e8 in Fe45 steel to be bolted to the body. Comes in detached parts to be assembled (arch, plates, crossbars). See the related image.<\/p>\n<p>Not FIA homologated.<\/p>\n<p>ATTENTION: for the assembly it is necessary to have equipment and with professional competence.<\/p>\n<p>Nota informativa per l&#8217;Utilizzatore:<\/p>\n<p>Il roll-bar arco posteriore Fulvia Coup\u00e8 (Riferimento: RLL-BAR-RR-CP) \u00e8 progettato e costruito esclusivamente come accessorio estetico ad uso espositivo. L&#8217;arco posteriore Fulvia Coup\u00e8 \u00e8 una replica degli archi roll-bar di protezione in uso sulle Lancia Fulvia Coup\u00e8 che gareggiavano negli anni &#8217;70, ma non \u00e8 progettato per fornire protezione agli occupanti della vettura in caso di incidente o urto.<\/p>\n<p>L&#8217;arco posteriore Fulvia Coup\u00e8 non \u00e8 omologato da una A.S.N. o dalla FIA.<\/p>\n<p>Istruzioni per assemblaggio e montaggio roll-bar arco posteriore Fulvia Coup\u00e8:<\/p>\n<p>Il roll-bar viene fornito in parti staccate da assemblare, in modo da permettere un adattamento alle singole esigenze estetiche e di uso dello spazio all&#8217;interno dell&#8217;abitacolo.<\/p>\n<p>I punti di fissaggio alla scocca sono in totale quattro:<\/p>\n<p>uno per ogni montante della centina principale<\/p>\n<p>uno per ogni traversa posteriore di rinforzo<\/p>\n<p>Il montaggio della traversa diagonale di rinforzo \u00e8 facoltativa.<\/p>\n<p>Le piastre di fissaggio dell&#8217;arco principale hanno una superfice di 120 cm2 ciascuna e uno spessore di 3 mm. Le suddette piastre devono essere saldate alla scocca. Il roll-bar deve essere fissato alle piastre tramite bulloni M8 e corrispondere come minimo alla norma 8.8 ISO.<\/p>\n<p>Tutte le saldature devono essere della migliore qualit\u00e0 possibile e a penetrazione totale (preferibilmente saldature ad arco sotto gas inerte). Le saldature dovranno essere fatte lungo tutto il perimetro del tubo. I tubi sono realizzati in acciaio cromo molibdeno di diametro 38mm.<\/p>\n","protected":false},"excerpt":{"rendered":"<p>Rear arch for Lancia Fulvia Coup\u00e8 in Fe45 steel to  [&#8230;]<\/p>\n","protected":false},"featured_media":3138,"template":"","meta":{"_acf_changed":false},"product_brand":[],"product_cat":[356],"product_tag":[1613,1614,1612,1616,1615,1618,1684,1685,1617,1695,1729,1686,1619],"class_list":{"0":"post-3142","1":"product","2":"type-product","3":"status-publish","4":"has-post-thumbnail","6":"product_cat-safety-components-lancia-fulvia-en","7":"product_tag-fulvia-en","8":"product_tag-hf-en","9":"product_tag-lancia-en","10":"product_tag-montecarlo-en","11":"product_tag-munari-en","12":"product_tag-parts-en","13":"product_tag-pechino-parigi-en","14":"product_tag-preparazione-en","15":"product_tag-rally-en","16":"product_tag-rallye-en","17":"product_tag-ricambi-en-en","18":"product_tag-rosso-en-2","19":"product_tag-spare-en","20":"product_shipping_class-overload","21":"pa_condition-new-en","23":"first","24":"instock","25":"taxable","26":"shipping-taxable","27":"purchasable","28":"product-type-simple"},"acf":[],"yoast_head":"<!-- This site is optimized with the Yoast SEO plugin v27.3 - https:\/\/yoast.com\/product\/yoast-seo-wordpress\/ -->\n<title>Roll-bar arco posteriore Fulvia Coup\u00e8 - Ricambi Lancia Fulvia<\/title>\n<meta name=\"robots\" content=\"index, follow, max-snippet:-1, max-image-preview:large, max-video-preview:-1\" \/>\n<link rel=\"canonical\" href=\"https:\/\/ricambilanciafulvia.it\/en\/product\/roll-bar-arco-post-fulvia-coupe\/\" \/>\n<meta property=\"og:locale\" content=\"en_US\" \/>\n<meta property=\"og:type\" content=\"article\" \/>\n<meta property=\"og:title\" content=\"Roll-bar arco posteriore Fulvia Coup\u00e8 - Ricambi Lancia Fulvia\" \/>\n<meta property=\"og:description\" content=\"Rear arch for Lancia Fulvia Coup\u00e8 in Fe45 steel to [...]\" \/>\n<meta property=\"og:url\" content=\"https:\/\/ricambilanciafulvia.it\/en\/product\/roll-bar-arco-post-fulvia-coupe\/\" \/>\n<meta property=\"og:site_name\" content=\"Ricambi Lancia Fulvia\" \/>\n<meta property=\"article:modified_time\" content=\"2025-10-27T18:21:32+00:00\" \/>\n<meta property=\"og:image\" content=\"https:\/\/ricambilanciafulvia.it\/wp-content\/uploads\/2012\/04\/3653-thickbox_default-Roll-bar-arco-post-Fulvia-Coupe.jpg\" \/>\n\t<meta property=\"og:image:width\" content=\"700\" \/>\n\t<meta property=\"og:image:height\" content=\"700\" \/>\n\t<meta property=\"og:image:type\" content=\"image\/jpeg\" \/>\n<meta name=\"twitter:card\" content=\"summary_large_image\" \/>\n<meta name=\"twitter:label1\" content=\"Est. reading time\" \/>\n\t<meta name=\"twitter:data1\" content=\"2 minutes\" \/>\n<script type=\"application\/ld+json\" class=\"yoast-schema-graph\">{\"@context\":\"https:\\\/\\\/schema.org\",\"@graph\":[{\"@type\":\"WebPage\",\"@id\":\"https:\\\/\\\/ricambilanciafulvia.it\\\/en\\\/product\\\/roll-bar-arco-post-fulvia-coupe\\\/\",\"url\":\"https:\\\/\\\/ricambilanciafulvia.it\\\/en\\\/product\\\/roll-bar-arco-post-fulvia-coupe\\\/\",\"name\":\"Roll-bar arco posteriore Fulvia Coup\u00e8 - Ricambi Lancia Fulvia\",\"isPartOf\":{\"@id\":\"https:\\\/\\\/ricambilanciafulvia.it\\\/en\\\/#website\"},\"primaryImageOfPage\":{\"@id\":\"https:\\\/\\\/ricambilanciafulvia.it\\\/en\\\/product\\\/roll-bar-arco-post-fulvia-coupe\\\/#primaryimage\"},\"image\":{\"@id\":\"https:\\\/\\\/ricambilanciafulvia.it\\\/en\\\/product\\\/roll-bar-arco-post-fulvia-coupe\\\/#primaryimage\"},\"thumbnailUrl\":\"https:\\\/\\\/ricambilanciafulvia.it\\\/wp-content\\\/uploads\\\/2012\\\/04\\\/3653-thickbox_default-Roll-bar-arco-post-Fulvia-Coupe.jpg\",\"datePublished\":\"2012-04-15T20:45:38+00:00\",\"dateModified\":\"2025-10-27T18:21:32+00:00\",\"breadcrumb\":{\"@id\":\"https:\\\/\\\/ricambilanciafulvia.it\\\/en\\\/product\\\/roll-bar-arco-post-fulvia-coupe\\\/#breadcrumb\"},\"inLanguage\":\"en-US\",\"potentialAction\":[{\"@type\":\"ReadAction\",\"target\":[\"https:\\\/\\\/ricambilanciafulvia.it\\\/en\\\/product\\\/roll-bar-arco-post-fulvia-coupe\\\/\"]}]},{\"@type\":\"ImageObject\",\"inLanguage\":\"en-US\",\"@id\":\"https:\\\/\\\/ricambilanciafulvia.it\\\/en\\\/product\\\/roll-bar-arco-post-fulvia-coupe\\\/#primaryimage\",\"url\":\"https:\\\/\\\/ricambilanciafulvia.it\\\/wp-content\\\/uploads\\\/2012\\\/04\\\/3653-thickbox_default-Roll-bar-arco-post-Fulvia-Coupe.jpg\",\"contentUrl\":\"https:\\\/\\\/ricambilanciafulvia.it\\\/wp-content\\\/uploads\\\/2012\\\/04\\\/3653-thickbox_default-Roll-bar-arco-post-Fulvia-Coupe.jpg\",\"width\":700,\"height\":700},{\"@type\":\"BreadcrumbList\",\"@id\":\"https:\\\/\\\/ricambilanciafulvia.it\\\/en\\\/product\\\/roll-bar-arco-post-fulvia-coupe\\\/#breadcrumb\",\"itemListElement\":[{\"@type\":\"ListItem\",\"position\":1,\"name\":\"Home\",\"item\":\"https:\\\/\\\/ricambilanciafulvia.it\\\/en\\\/\"},{\"@type\":\"ListItem\",\"position\":2,\"name\":\"Shop\",\"item\":\"https:\\\/\\\/ricambilanciafulvia.it\\\/en\\\/shop\\\/\"},{\"@type\":\"ListItem\",\"position\":3,\"name\":\"Rosso Corsa Italia\",\"item\":\"https:\\\/\\\/ricambilanciafulvia.it\\\/en\\\/categoria-prodotto\\\/fulvia-spare-parts-en\\\/\"},{\"@type\":\"ListItem\",\"position\":4,\"name\":\"Fulvia parts\",\"item\":\"https:\\\/\\\/ricambilanciafulvia.it\\\/en\\\/categoria-prodotto\\\/fulvia-spare-parts-en\\\/fulvia-parts-en\\\/\"},{\"@type\":\"ListItem\",\"position\":5,\"name\":\"Fulvia CORSA\",\"item\":\"https:\\\/\\\/ricambilanciafulvia.it\\\/en\\\/categoria-prodotto\\\/fulvia-spare-parts-en\\\/fulvia-parts-en\\\/racing-parts-lancia-fulvia-corsa-en\\\/\"},{\"@type\":\"ListItem\",\"position\":6,\"name\":\"race equipment\",\"item\":\"https:\\\/\\\/ricambilanciafulvia.it\\\/en\\\/categoria-prodotto\\\/fulvia-spare-parts-en\\\/fulvia-parts-en\\\/racing-parts-lancia-fulvia-corsa-en\\\/racing-equipment-lancia-fulvia-en\\\/\"},{\"@type\":\"ListItem\",\"position\":7,\"name\":\"safety components\",\"item\":\"https:\\\/\\\/ricambilanciafulvia.it\\\/en\\\/categoria-prodotto\\\/fulvia-spare-parts-en\\\/fulvia-parts-en\\\/racing-parts-lancia-fulvia-corsa-en\\\/racing-equipment-lancia-fulvia-en\\\/safety-components-lancia-fulvia-en\\\/\"},{\"@type\":\"ListItem\",\"position\":8,\"name\":\"Roll-bar arco posteriore Fulvia Coup\u00e8\"}]},{\"@type\":\"WebSite\",\"@id\":\"https:\\\/\\\/ricambilanciafulvia.it\\\/en\\\/#website\",\"url\":\"https:\\\/\\\/ricambilanciafulvia.it\\\/en\\\/\",\"name\":\"Ricambi Lancia Fulvia\",\"description\":\"\",\"publisher\":{\"@id\":\"https:\\\/\\\/ricambilanciafulvia.it\\\/en\\\/#organization\"},\"potentialAction\":[{\"@type\":\"SearchAction\",\"target\":{\"@type\":\"EntryPoint\",\"urlTemplate\":\"https:\\\/\\\/ricambilanciafulvia.it\\\/en\\\/?s={search_term_string}\"},\"query-input\":{\"@type\":\"PropertyValueSpecification\",\"valueRequired\":true,\"valueName\":\"search_term_string\"}}],\"inLanguage\":\"en-US\"},{\"@type\":\"Organization\",\"@id\":\"https:\\\/\\\/ricambilanciafulvia.it\\\/en\\\/#organization\",\"name\":\"Ricambi Lancia Fulvia\",\"url\":\"https:\\\/\\\/ricambilanciafulvia.it\\\/en\\\/\",\"logo\":{\"@type\":\"ImageObject\",\"inLanguage\":\"en-US\",\"@id\":\"https:\\\/\\\/ricambilanciafulvia.it\\\/en\\\/#\\\/schema\\\/logo\\\/image\\\/\",\"url\":\"https:\\\/\\\/ricambilanciafulvia.it\\\/wp-content\\\/uploads\\\/2021\\\/07\\\/rosso-corsa-italia-logo-60px.png\",\"contentUrl\":\"https:\\\/\\\/ricambilanciafulvia.it\\\/wp-content\\\/uploads\\\/2021\\\/07\\\/rosso-corsa-italia-logo-60px.png\",\"width\":176,\"height\":60,\"caption\":\"Ricambi Lancia Fulvia\"},\"image\":{\"@id\":\"https:\\\/\\\/ricambilanciafulvia.it\\\/en\\\/#\\\/schema\\\/logo\\\/image\\\/\"}}]}<\/script>\n<!-- \/ Yoast SEO plugin. -->","yoast_head_json":{"title":"Roll-bar arco posteriore Fulvia Coup\u00e8 - Ricambi Lancia Fulvia","robots":{"index":"index","follow":"follow","max-snippet":"max-snippet:-1","max-image-preview":"max-image-preview:large","max-video-preview":"max-video-preview:-1"},"canonical":"https:\/\/ricambilanciafulvia.it\/en\/product\/roll-bar-arco-post-fulvia-coupe\/","og_locale":"en_US","og_type":"article","og_title":"Roll-bar arco posteriore Fulvia Coup\u00e8 - Ricambi Lancia Fulvia","og_description":"Rear arch for Lancia Fulvia Coup\u00e8 in Fe45 steel to [...]","og_url":"https:\/\/ricambilanciafulvia.it\/en\/product\/roll-bar-arco-post-fulvia-coupe\/","og_site_name":"Ricambi Lancia Fulvia","article_modified_time":"2025-10-27T18:21:32+00:00","og_image":[{"width":700,"height":700,"url":"https:\/\/ricambilanciafulvia.it\/wp-content\/uploads\/2012\/04\/3653-thickbox_default-Roll-bar-arco-post-Fulvia-Coupe.jpg","type":"image\/jpeg"}],"twitter_card":"summary_large_image","twitter_misc":{"Est. reading time":"2 minutes"},"schema":{"@context":"https:\/\/schema.org","@graph":[{"@type":"WebPage","@id":"https:\/\/ricambilanciafulvia.it\/en\/product\/roll-bar-arco-post-fulvia-coupe\/","url":"https:\/\/ricambilanciafulvia.it\/en\/product\/roll-bar-arco-post-fulvia-coupe\/","name":"Roll-bar arco posteriore Fulvia Coup\u00e8 - Ricambi Lancia Fulvia","isPartOf":{"@id":"https:\/\/ricambilanciafulvia.it\/en\/#website"},"primaryImageOfPage":{"@id":"https:\/\/ricambilanciafulvia.it\/en\/product\/roll-bar-arco-post-fulvia-coupe\/#primaryimage"},"image":{"@id":"https:\/\/ricambilanciafulvia.it\/en\/product\/roll-bar-arco-post-fulvia-coupe\/#primaryimage"},"thumbnailUrl":"https:\/\/ricambilanciafulvia.it\/wp-content\/uploads\/2012\/04\/3653-thickbox_default-Roll-bar-arco-post-Fulvia-Coupe.jpg","datePublished":"2012-04-15T20:45:38+00:00","dateModified":"2025-10-27T18:21:32+00:00","breadcrumb":{"@id":"https:\/\/ricambilanciafulvia.it\/en\/product\/roll-bar-arco-post-fulvia-coupe\/#breadcrumb"},"inLanguage":"en-US","potentialAction":[{"@type":"ReadAction","target":["https:\/\/ricambilanciafulvia.it\/en\/product\/roll-bar-arco-post-fulvia-coupe\/"]}]},{"@type":"ImageObject","inLanguage":"en-US","@id":"https:\/\/ricambilanciafulvia.it\/en\/product\/roll-bar-arco-post-fulvia-coupe\/#primaryimage","url":"https:\/\/ricambilanciafulvia.it\/wp-content\/uploads\/2012\/04\/3653-thickbox_default-Roll-bar-arco-post-Fulvia-Coupe.jpg","contentUrl":"https:\/\/ricambilanciafulvia.it\/wp-content\/uploads\/2012\/04\/3653-thickbox_default-Roll-bar-arco-post-Fulvia-Coupe.jpg","width":700,"height":700},{"@type":"BreadcrumbList","@id":"https:\/\/ricambilanciafulvia.it\/en\/product\/roll-bar-arco-post-fulvia-coupe\/#breadcrumb","itemListElement":[{"@type":"ListItem","position":1,"name":"Home","item":"https:\/\/ricambilanciafulvia.it\/en\/"},{"@type":"ListItem","position":2,"name":"Shop","item":"https:\/\/ricambilanciafulvia.it\/en\/shop\/"},{"@type":"ListItem","position":3,"name":"Rosso Corsa Italia","item":"https:\/\/ricambilanciafulvia.it\/en\/categoria-prodotto\/fulvia-spare-parts-en\/"},{"@type":"ListItem","position":4,"name":"Fulvia parts","item":"https:\/\/ricambilanciafulvia.it\/en\/categoria-prodotto\/fulvia-spare-parts-en\/fulvia-parts-en\/"},{"@type":"ListItem","position":5,"name":"Fulvia CORSA","item":"https:\/\/ricambilanciafulvia.it\/en\/categoria-prodotto\/fulvia-spare-parts-en\/fulvia-parts-en\/racing-parts-lancia-fulvia-corsa-en\/"},{"@type":"ListItem","position":6,"name":"race equipment","item":"https:\/\/ricambilanciafulvia.it\/en\/categoria-prodotto\/fulvia-spare-parts-en\/fulvia-parts-en\/racing-parts-lancia-fulvia-corsa-en\/racing-equipment-lancia-fulvia-en\/"},{"@type":"ListItem","position":7,"name":"safety components","item":"https:\/\/ricambilanciafulvia.it\/en\/categoria-prodotto\/fulvia-spare-parts-en\/fulvia-parts-en\/racing-parts-lancia-fulvia-corsa-en\/racing-equipment-lancia-fulvia-en\/safety-components-lancia-fulvia-en\/"},{"@type":"ListItem","position":8,"name":"Roll-bar arco posteriore Fulvia Coup\u00e8"}]},{"@type":"WebSite","@id":"https:\/\/ricambilanciafulvia.it\/en\/#website","url":"https:\/\/ricambilanciafulvia.it\/en\/","name":"Ricambi Lancia Fulvia","description":"","publisher":{"@id":"https:\/\/ricambilanciafulvia.it\/en\/#organization"},"potentialAction":[{"@type":"SearchAction","target":{"@type":"EntryPoint","urlTemplate":"https:\/\/ricambilanciafulvia.it\/en\/?s={search_term_string}"},"query-input":{"@type":"PropertyValueSpecification","valueRequired":true,"valueName":"search_term_string"}}],"inLanguage":"en-US"},{"@type":"Organization","@id":"https:\/\/ricambilanciafulvia.it\/en\/#organization","name":"Ricambi Lancia Fulvia","url":"https:\/\/ricambilanciafulvia.it\/en\/","logo":{"@type":"ImageObject","inLanguage":"en-US","@id":"https:\/\/ricambilanciafulvia.it\/en\/#\/schema\/logo\/image\/","url":"https:\/\/ricambilanciafulvia.it\/wp-content\/uploads\/2021\/07\/rosso-corsa-italia-logo-60px.png","contentUrl":"https:\/\/ricambilanciafulvia.it\/wp-content\/uploads\/2021\/07\/rosso-corsa-italia-logo-60px.png","width":176,"height":60,"caption":"Ricambi Lancia Fulvia"},"image":{"@id":"https:\/\/ricambilanciafulvia.it\/en\/#\/schema\/logo\/image\/"}}]}},"_links":{"self":[{"href":"https:\/\/ricambilanciafulvia.it\/en\/wp-json\/wp\/v2\/product\/3142","targetHints":{"allow":["GET"]}}],"collection":[{"href":"https:\/\/ricambilanciafulvia.it\/en\/wp-json\/wp\/v2\/product"}],"about":[{"href":"https:\/\/ricambilanciafulvia.it\/en\/wp-json\/wp\/v2\/types\/product"}],"wp:featuredmedia":[{"embeddable":true,"href":"https:\/\/ricambilanciafulvia.it\/en\/wp-json\/wp\/v2\/media\/3138"}],"wp:attachment":[{"href":"https:\/\/ricambilanciafulvia.it\/en\/wp-json\/wp\/v2\/media?parent=3142"}],"wp:term":[{"taxonomy":"product_brand","embeddable":true,"href":"https:\/\/ricambilanciafulvia.it\/en\/wp-json\/wp\/v2\/product_brand?post=3142"},{"taxonomy":"product_cat","embeddable":true,"href":"https:\/\/ricambilanciafulvia.it\/en\/wp-json\/wp\/v2\/product_cat?post=3142"},{"taxonomy":"product_tag","embeddable":true,"href":"https:\/\/ricambilanciafulvia.it\/en\/wp-json\/wp\/v2\/product_tag?post=3142"}],"curies":[{"name":"wp","href":"https:\/\/api.w.org\/{rel}","templated":true}]}}