{"id":12112,"date":"2019-07-25T08:29:48","date_gmt":"2019-07-25T08:29:48","guid":{"rendered":"https:\/\/ricambilanciafulvia.it\/prodotto\/starter-drive-fulvia-4\/"},"modified":"2025-10-26T16:54:16","modified_gmt":"2025-10-26T16:54:16","slug":"starter-drive-fulvia-4","status":"publish","type":"product","link":"https:\/\/ricambilanciafulvia.it\/en\/product\/starter-drive-fulvia-4\/","title":{"rendered":"Starter drive Fulvia"},"content":{"rendered":"<p>Lancia Fulvia starter motor pinion.<\/p>\n<p>Number of teeth: 9<\/p>\n<p>Starter rotation: clockwise<\/p>\n<p>Number of spline: 10<\/p>\n<p>Inner bushing diameter: 12,6 mm<\/p>\n<p data-start=\"366\" data-end=\"394\">Outer gear diameter: 29,6 mm<\/p>\n<p data-start=\"397\" data-end=\"430\">Outer freewheel diameter: 47 mm<\/p>\n<p data-start=\"433\" data-end=\"456\">Total length: 66,5 mm<\/p>\n<p>&nbsp;<\/p>\n","protected":false},"excerpt":{"rendered":"<p>Lancia Fulvia starter motor pinion. Number of teeth: 9 Starter  [&#8230;]<\/p>\n","protected":false},"featured_media":12108,"template":"","meta":{"_acf_changed":false},"product_brand":[],"product_cat":[422,1785],"product_tag":[591,1613,1614,1612,1616,1615,1618,1684,1685,1617,1729,1686,1619],"class_list":{"0":"post-12112","1":"product","2":"type-product","3":"status-publish","4":"has-post-thumbnail","6":"product_cat-spare-parts-ignition-system-lancia-fulvia-en","7":"product_cat-starter-motor-lancia-fulvia","8":"product_tag-bosch","9":"product_tag-fulvia-en","10":"product_tag-hf-en","11":"product_tag-lancia-en","12":"product_tag-montecarlo-en","13":"product_tag-munari-en","14":"product_tag-parts-en","15":"product_tag-pechino-parigi-en","16":"product_tag-preparazione-en","17":"product_tag-rally-en","18":"product_tag-ricambi-en-en","19":"product_tag-rosso-en-2","20":"product_tag-spare-en","21":"pa_condition-new-en","23":"first","24":"instock","25":"taxable","26":"shipping-taxable","27":"purchasable","28":"product-type-simple"},"acf":[],"yoast_head":"<!-- This site is optimized with the Yoast SEO plugin v27.3 - https:\/\/yoast.com\/product\/yoast-seo-wordpress\/ -->\n<title>Starter drive Fulvia - Ricambi Lancia Fulvia<\/title>\n<meta name=\"description\" content=\"Starter motor pinion for Lancia Fulvia, 9 teeth, 10 spline, clockwise rotation, inner bushing \u00d812,6, outer gear \u00d829,6 mm, freewheel \u00d847, length 66,5.\" \/>\n<meta name=\"robots\" content=\"index, follow, max-snippet:-1, max-image-preview:large, max-video-preview:-1\" \/>\n<link rel=\"canonical\" href=\"https:\/\/ricambilanciafulvia.it\/en\/product\/starter-drive-fulvia-4\/\" \/>\n<meta property=\"og:locale\" content=\"en_US\" \/>\n<meta property=\"og:type\" content=\"article\" \/>\n<meta property=\"og:title\" content=\"Starter drive Fulvia - Ricambi Lancia Fulvia\" \/>\n<meta property=\"og:description\" content=\"Starter motor pinion for Lancia Fulvia, 9 teeth, 10 spline, clockwise rotation, inner bushing \u00d812,6, outer gear \u00d829,6 mm, freewheel \u00d847, length 66,5.\" \/>\n<meta property=\"og:url\" content=\"https:\/\/ricambilanciafulvia.it\/en\/product\/starter-drive-fulvia-4\/\" \/>\n<meta property=\"og:site_name\" content=\"Ricambi Lancia Fulvia\" \/>\n<meta property=\"article:modified_time\" content=\"2025-10-26T16:54:16+00:00\" \/>\n<meta property=\"og:image\" content=\"https:\/\/ricambilanciafulvia.it\/wp-content\/uploads\/2019\/07\/4982-thickbox_default-Pignone-motorino-avviamento-Fulvia.jpg\" \/>\n\t<meta property=\"og:image:width\" content=\"700\" \/>\n\t<meta property=\"og:image:height\" content=\"700\" \/>\n\t<meta property=\"og:image:type\" content=\"image\/jpeg\" \/>\n<meta name=\"twitter:card\" content=\"summary_large_image\" \/>\n<meta name=\"twitter:label1\" content=\"Est. reading time\" \/>\n\t<meta name=\"twitter:data1\" content=\"1 minute\" \/>\n<script type=\"application\/ld+json\" class=\"yoast-schema-graph\">{\"@context\":\"https:\\\/\\\/schema.org\",\"@graph\":[{\"@type\":\"WebPage\",\"@id\":\"https:\\\/\\\/ricambilanciafulvia.it\\\/en\\\/product\\\/starter-drive-fulvia-4\\\/\",\"url\":\"https:\\\/\\\/ricambilanciafulvia.it\\\/en\\\/product\\\/starter-drive-fulvia-4\\\/\",\"name\":\"Starter drive Fulvia - Ricambi Lancia Fulvia\",\"isPartOf\":{\"@id\":\"https:\\\/\\\/ricambilanciafulvia.it\\\/en\\\/#website\"},\"primaryImageOfPage\":{\"@id\":\"https:\\\/\\\/ricambilanciafulvia.it\\\/en\\\/product\\\/starter-drive-fulvia-4\\\/#primaryimage\"},\"image\":{\"@id\":\"https:\\\/\\\/ricambilanciafulvia.it\\\/en\\\/product\\\/starter-drive-fulvia-4\\\/#primaryimage\"},\"thumbnailUrl\":\"https:\\\/\\\/ricambilanciafulvia.it\\\/wp-content\\\/uploads\\\/2019\\\/07\\\/4982-thickbox_default-Pignone-motorino-avviamento-Fulvia.jpg\",\"datePublished\":\"2019-07-25T08:29:48+00:00\",\"dateModified\":\"2025-10-26T16:54:16+00:00\",\"description\":\"Starter motor pinion for Lancia Fulvia, 9 teeth, 10 spline, clockwise rotation, inner bushing \u00d812,6, outer gear \u00d829,6 mm, freewheel \u00d847, length 66,5.\",\"breadcrumb\":{\"@id\":\"https:\\\/\\\/ricambilanciafulvia.it\\\/en\\\/product\\\/starter-drive-fulvia-4\\\/#breadcrumb\"},\"inLanguage\":\"en-US\",\"potentialAction\":[{\"@type\":\"ReadAction\",\"target\":[\"https:\\\/\\\/ricambilanciafulvia.it\\\/en\\\/product\\\/starter-drive-fulvia-4\\\/\"]}]},{\"@type\":\"ImageObject\",\"inLanguage\":\"en-US\",\"@id\":\"https:\\\/\\\/ricambilanciafulvia.it\\\/en\\\/product\\\/starter-drive-fulvia-4\\\/#primaryimage\",\"url\":\"https:\\\/\\\/ricambilanciafulvia.it\\\/wp-content\\\/uploads\\\/2019\\\/07\\\/4982-thickbox_default-Pignone-motorino-avviamento-Fulvia.jpg\",\"contentUrl\":\"https:\\\/\\\/ricambilanciafulvia.it\\\/wp-content\\\/uploads\\\/2019\\\/07\\\/4982-thickbox_default-Pignone-motorino-avviamento-Fulvia.jpg\",\"width\":700,\"height\":700},{\"@type\":\"BreadcrumbList\",\"@id\":\"https:\\\/\\\/ricambilanciafulvia.it\\\/en\\\/product\\\/starter-drive-fulvia-4\\\/#breadcrumb\",\"itemListElement\":[{\"@type\":\"ListItem\",\"position\":1,\"name\":\"Home\",\"item\":\"https:\\\/\\\/ricambilanciafulvia.it\\\/en\\\/\"},{\"@type\":\"ListItem\",\"position\":2,\"name\":\"Shop\",\"item\":\"https:\\\/\\\/ricambilanciafulvia.it\\\/en\\\/shop\\\/\"},{\"@type\":\"ListItem\",\"position\":3,\"name\":\"Rosso Corsa Italia\",\"item\":\"https:\\\/\\\/ricambilanciafulvia.it\\\/en\\\/categoria-prodotto\\\/fulvia-spare-parts-en\\\/\"},{\"@type\":\"ListItem\",\"position\":4,\"name\":\"Fulvia parts\",\"item\":\"https:\\\/\\\/ricambilanciafulvia.it\\\/en\\\/categoria-prodotto\\\/fulvia-spare-parts-en\\\/fulvia-parts-en\\\/\"},{\"@type\":\"ListItem\",\"position\":5,\"name\":\"Fulvia STRADA\",\"item\":\"https:\\\/\\\/ricambilanciafulvia.it\\\/en\\\/categoria-prodotto\\\/fulvia-spare-parts-en\\\/fulvia-parts-en\\\/spare-parts-lancia-fulvia-strada-en\\\/\"},{\"@type\":\"ListItem\",\"position\":6,\"name\":\"engine\",\"item\":\"https:\\\/\\\/ricambilanciafulvia.it\\\/en\\\/categoria-prodotto\\\/fulvia-spare-parts-en\\\/fulvia-parts-en\\\/spare-parts-lancia-fulvia-strada-en\\\/engine-parts-lancia-fulvia-en\\\/\"},{\"@type\":\"ListItem\",\"position\":7,\"name\":\"ignition\",\"item\":\"https:\\\/\\\/ricambilanciafulvia.it\\\/en\\\/categoria-prodotto\\\/fulvia-spare-parts-en\\\/fulvia-parts-en\\\/spare-parts-lancia-fulvia-strada-en\\\/engine-parts-lancia-fulvia-en\\\/spare-parts-ignition-system-lancia-fulvia-en\\\/\"},{\"@type\":\"ListItem\",\"position\":8,\"name\":\"Starter drive Fulvia\"}]},{\"@type\":\"WebSite\",\"@id\":\"https:\\\/\\\/ricambilanciafulvia.it\\\/en\\\/#website\",\"url\":\"https:\\\/\\\/ricambilanciafulvia.it\\\/en\\\/\",\"name\":\"Ricambi Lancia Fulvia\",\"description\":\"\",\"publisher\":{\"@id\":\"https:\\\/\\\/ricambilanciafulvia.it\\\/en\\\/#organization\"},\"potentialAction\":[{\"@type\":\"SearchAction\",\"target\":{\"@type\":\"EntryPoint\",\"urlTemplate\":\"https:\\\/\\\/ricambilanciafulvia.it\\\/en\\\/?s={search_term_string}\"},\"query-input\":{\"@type\":\"PropertyValueSpecification\",\"valueRequired\":true,\"valueName\":\"search_term_string\"}}],\"inLanguage\":\"en-US\"},{\"@type\":\"Organization\",\"@id\":\"https:\\\/\\\/ricambilanciafulvia.it\\\/en\\\/#organization\",\"name\":\"Ricambi Lancia Fulvia\",\"url\":\"https:\\\/\\\/ricambilanciafulvia.it\\\/en\\\/\",\"logo\":{\"@type\":\"ImageObject\",\"inLanguage\":\"en-US\",\"@id\":\"https:\\\/\\\/ricambilanciafulvia.it\\\/en\\\/#\\\/schema\\\/logo\\\/image\\\/\",\"url\":\"https:\\\/\\\/ricambilanciafulvia.it\\\/wp-content\\\/uploads\\\/2021\\\/07\\\/rosso-corsa-italia-logo-60px.png\",\"contentUrl\":\"https:\\\/\\\/ricambilanciafulvia.it\\\/wp-content\\\/uploads\\\/2021\\\/07\\\/rosso-corsa-italia-logo-60px.png\",\"width\":176,\"height\":60,\"caption\":\"Ricambi Lancia Fulvia\"},\"image\":{\"@id\":\"https:\\\/\\\/ricambilanciafulvia.it\\\/en\\\/#\\\/schema\\\/logo\\\/image\\\/\"}}]}<\/script>\n<!-- \/ Yoast SEO plugin. -->","yoast_head_json":{"title":"Starter drive Fulvia - Ricambi Lancia Fulvia","description":"Starter motor pinion for Lancia Fulvia, 9 teeth, 10 spline, clockwise rotation, inner bushing \u00d812,6, outer gear \u00d829,6 mm, freewheel \u00d847, length 66,5.","robots":{"index":"index","follow":"follow","max-snippet":"max-snippet:-1","max-image-preview":"max-image-preview:large","max-video-preview":"max-video-preview:-1"},"canonical":"https:\/\/ricambilanciafulvia.it\/en\/product\/starter-drive-fulvia-4\/","og_locale":"en_US","og_type":"article","og_title":"Starter drive Fulvia - Ricambi Lancia Fulvia","og_description":"Starter motor pinion for Lancia Fulvia, 9 teeth, 10 spline, clockwise rotation, inner bushing \u00d812,6, outer gear \u00d829,6 mm, freewheel \u00d847, length 66,5.","og_url":"https:\/\/ricambilanciafulvia.it\/en\/product\/starter-drive-fulvia-4\/","og_site_name":"Ricambi Lancia Fulvia","article_modified_time":"2025-10-26T16:54:16+00:00","og_image":[{"width":700,"height":700,"url":"https:\/\/ricambilanciafulvia.it\/wp-content\/uploads\/2019\/07\/4982-thickbox_default-Pignone-motorino-avviamento-Fulvia.jpg","type":"image\/jpeg"}],"twitter_card":"summary_large_image","twitter_misc":{"Est. reading time":"1 minute"},"schema":{"@context":"https:\/\/schema.org","@graph":[{"@type":"WebPage","@id":"https:\/\/ricambilanciafulvia.it\/en\/product\/starter-drive-fulvia-4\/","url":"https:\/\/ricambilanciafulvia.it\/en\/product\/starter-drive-fulvia-4\/","name":"Starter drive Fulvia - Ricambi Lancia Fulvia","isPartOf":{"@id":"https:\/\/ricambilanciafulvia.it\/en\/#website"},"primaryImageOfPage":{"@id":"https:\/\/ricambilanciafulvia.it\/en\/product\/starter-drive-fulvia-4\/#primaryimage"},"image":{"@id":"https:\/\/ricambilanciafulvia.it\/en\/product\/starter-drive-fulvia-4\/#primaryimage"},"thumbnailUrl":"https:\/\/ricambilanciafulvia.it\/wp-content\/uploads\/2019\/07\/4982-thickbox_default-Pignone-motorino-avviamento-Fulvia.jpg","datePublished":"2019-07-25T08:29:48+00:00","dateModified":"2025-10-26T16:54:16+00:00","description":"Starter motor pinion for Lancia Fulvia, 9 teeth, 10 spline, clockwise rotation, inner bushing \u00d812,6, outer gear \u00d829,6 mm, freewheel \u00d847, length 66,5.","breadcrumb":{"@id":"https:\/\/ricambilanciafulvia.it\/en\/product\/starter-drive-fulvia-4\/#breadcrumb"},"inLanguage":"en-US","potentialAction":[{"@type":"ReadAction","target":["https:\/\/ricambilanciafulvia.it\/en\/product\/starter-drive-fulvia-4\/"]}]},{"@type":"ImageObject","inLanguage":"en-US","@id":"https:\/\/ricambilanciafulvia.it\/en\/product\/starter-drive-fulvia-4\/#primaryimage","url":"https:\/\/ricambilanciafulvia.it\/wp-content\/uploads\/2019\/07\/4982-thickbox_default-Pignone-motorino-avviamento-Fulvia.jpg","contentUrl":"https:\/\/ricambilanciafulvia.it\/wp-content\/uploads\/2019\/07\/4982-thickbox_default-Pignone-motorino-avviamento-Fulvia.jpg","width":700,"height":700},{"@type":"BreadcrumbList","@id":"https:\/\/ricambilanciafulvia.it\/en\/product\/starter-drive-fulvia-4\/#breadcrumb","itemListElement":[{"@type":"ListItem","position":1,"name":"Home","item":"https:\/\/ricambilanciafulvia.it\/en\/"},{"@type":"ListItem","position":2,"name":"Shop","item":"https:\/\/ricambilanciafulvia.it\/en\/shop\/"},{"@type":"ListItem","position":3,"name":"Rosso Corsa Italia","item":"https:\/\/ricambilanciafulvia.it\/en\/categoria-prodotto\/fulvia-spare-parts-en\/"},{"@type":"ListItem","position":4,"name":"Fulvia parts","item":"https:\/\/ricambilanciafulvia.it\/en\/categoria-prodotto\/fulvia-spare-parts-en\/fulvia-parts-en\/"},{"@type":"ListItem","position":5,"name":"Fulvia STRADA","item":"https:\/\/ricambilanciafulvia.it\/en\/categoria-prodotto\/fulvia-spare-parts-en\/fulvia-parts-en\/spare-parts-lancia-fulvia-strada-en\/"},{"@type":"ListItem","position":6,"name":"engine","item":"https:\/\/ricambilanciafulvia.it\/en\/categoria-prodotto\/fulvia-spare-parts-en\/fulvia-parts-en\/spare-parts-lancia-fulvia-strada-en\/engine-parts-lancia-fulvia-en\/"},{"@type":"ListItem","position":7,"name":"ignition","item":"https:\/\/ricambilanciafulvia.it\/en\/categoria-prodotto\/fulvia-spare-parts-en\/fulvia-parts-en\/spare-parts-lancia-fulvia-strada-en\/engine-parts-lancia-fulvia-en\/spare-parts-ignition-system-lancia-fulvia-en\/"},{"@type":"ListItem","position":8,"name":"Starter drive Fulvia"}]},{"@type":"WebSite","@id":"https:\/\/ricambilanciafulvia.it\/en\/#website","url":"https:\/\/ricambilanciafulvia.it\/en\/","name":"Ricambi Lancia Fulvia","description":"","publisher":{"@id":"https:\/\/ricambilanciafulvia.it\/en\/#organization"},"potentialAction":[{"@type":"SearchAction","target":{"@type":"EntryPoint","urlTemplate":"https:\/\/ricambilanciafulvia.it\/en\/?s={search_term_string}"},"query-input":{"@type":"PropertyValueSpecification","valueRequired":true,"valueName":"search_term_string"}}],"inLanguage":"en-US"},{"@type":"Organization","@id":"https:\/\/ricambilanciafulvia.it\/en\/#organization","name":"Ricambi Lancia Fulvia","url":"https:\/\/ricambilanciafulvia.it\/en\/","logo":{"@type":"ImageObject","inLanguage":"en-US","@id":"https:\/\/ricambilanciafulvia.it\/en\/#\/schema\/logo\/image\/","url":"https:\/\/ricambilanciafulvia.it\/wp-content\/uploads\/2021\/07\/rosso-corsa-italia-logo-60px.png","contentUrl":"https:\/\/ricambilanciafulvia.it\/wp-content\/uploads\/2021\/07\/rosso-corsa-italia-logo-60px.png","width":176,"height":60,"caption":"Ricambi Lancia Fulvia"},"image":{"@id":"https:\/\/ricambilanciafulvia.it\/en\/#\/schema\/logo\/image\/"}}]}},"_links":{"self":[{"href":"https:\/\/ricambilanciafulvia.it\/en\/wp-json\/wp\/v2\/product\/12112","targetHints":{"allow":["GET"]}}],"collection":[{"href":"https:\/\/ricambilanciafulvia.it\/en\/wp-json\/wp\/v2\/product"}],"about":[{"href":"https:\/\/ricambilanciafulvia.it\/en\/wp-json\/wp\/v2\/types\/product"}],"wp:featuredmedia":[{"embeddable":true,"href":"https:\/\/ricambilanciafulvia.it\/en\/wp-json\/wp\/v2\/media\/12108"}],"wp:attachment":[{"href":"https:\/\/ricambilanciafulvia.it\/en\/wp-json\/wp\/v2\/media?parent=12112"}],"wp:term":[{"taxonomy":"product_brand","embeddable":true,"href":"https:\/\/ricambilanciafulvia.it\/en\/wp-json\/wp\/v2\/product_brand?post=12112"},{"taxonomy":"product_cat","embeddable":true,"href":"https:\/\/ricambilanciafulvia.it\/en\/wp-json\/wp\/v2\/product_cat?post=12112"},{"taxonomy":"product_tag","embeddable":true,"href":"https:\/\/ricambilanciafulvia.it\/en\/wp-json\/wp\/v2\/product_tag?post=12112"}],"curies":[{"name":"wp","href":"https:\/\/api.w.org\/{rel}","templated":true}]}}